{"id":1951,"date":"2022-02-15T10:19:55","date_gmt":"2022-02-15T09:19:55","guid":{"rendered":"https:\/\/delicatessencatering.no\/?page_id=1951"},"modified":"2022-02-15T10:19:55","modified_gmt":"2022-02-15T09:19:55","slug":"company-offer","status":"publish","type":"page","link":"https:\/\/delicatessencatering.no\/en\/company-offer\/","title":{"rendered":"Company offer"},"content":{"rendered":"<p>We are thrilled that more and more people are finally coming back to their offices, and once again can gather for a tasty lunch, an inspiring seminar or a pleasant after work. Treating employees with good food every now and then is not only good for the team work and work ethics \u2013 it also has a positive effect on employees&#8217; energy levels. In our busy worklives however, few of us have time to cook and prepare a better meal. Luckily, Delicatessen Catering has the time to do just that \u2013 so what could be better than ordering a ready-made and heated meal from us?<\/p>\n<p>In pure reopening-joy, we have therefore made an offer for everyone who registers their company information at our site, which can be used throughout February and March: <strong>10% discount on food<\/strong>, when ordering a minimum of 20 portions. Fill out the form and we will send you a discount code that can be used every weekday until March 31 \u2013 whether it is for lunch, a meeting or dinner.<\/p>\n<p>&nbsp;<\/p>\n<p class=\"p1\"><strong><a href=\"https:\/\/takeaway.xxltable.com\/w2\/cr\/takeaway\" target=\"_blank\" rel=\"noopener\">See available menus and place an order here<\/a><\/strong><\/p>\n<p>&nbsp;<\/p>\n<p class=\"p1\">Feel free to send us an email at <a href=\"mailto:catering@delicatessen.no\"><span class=\"s1\">catering@delicatessen.no<\/span><\/a> if you have any questions!<\/p>\n<p>&nbsp;<\/p>\n<h2><\/h2>\n<img decoding=\"async\" class=\"aligncenter wp-image-1932 size-full lazyload\" data-src=\"https:\/\/delicatessencatering.no\/wp-content\/uploads\/sites\/8\/2022\/02\/Tortillalefse_pa\u030a_grill-2.jpg\" alt=\"lunsj m\u00f8temat oslo delicatessen catering\" width=\"1200\" height=\"800\" data-srcset=\"https:\/\/delicatessencatering.no\/wp-content\/uploads\/sites\/8\/2022\/02\/Tortillalefse_pa\u030a_grill-2.jpg 1200w, https:\/\/delicatessencatering.no\/wp-content\/uploads\/sites\/8\/2022\/02\/Tortillalefse_pa\u030a_grill-2-300x200.jpg 300w, https:\/\/delicatessencatering.no\/wp-content\/uploads\/sites\/8\/2022\/02\/Tortillalefse_pa\u030a_grill-2-1024x683.jpg 1024w, https:\/\/delicatessencatering.no\/wp-content\/uploads\/sites\/8\/2022\/02\/Tortillalefse_pa\u030a_grill-2-768x512.jpg 768w\" data-sizes=\"(max-width: 1200px) 100vw, 1200px\" src=\"data:image\/svg+xml;base64,PHN2ZyB3aWR0aD0iMSIgaGVpZ2h0PSIxIiB4bWxucz0iaHR0cDovL3d3dy53My5vcmcvMjAwMC9zdmciPjwvc3ZnPg==\" style=\"--smush-placeholder-width: 1200px; --smush-placeholder-aspect-ratio: 1200\/800;\" \/>\n<p>&nbsp;<\/p>\n<p>&nbsp;<\/p>\n<h2>Register your company here<\/h2>\n<div>\n<div class=\"wpcf7 no-js\" id=\"wpcf7-f1905-o1\" lang=\"nb-NO\" dir=\"ltr\" data-wpcf7-id=\"1905\">\n<div class=\"screen-reader-response\"><p role=\"status\" aria-live=\"polite\" aria-atomic=\"true\"><\/p> <ul><\/ul><\/div>\n<form action=\"\/en\/wp-json\/wp\/v2\/pages\/1951#wpcf7-f1905-o1\" method=\"post\" class=\"wpcf7-form init\" aria-label=\"Kontaktskjema\" novalidate=\"novalidate\" data-status=\"init\">\n<fieldset class=\"hidden-fields-container\"><input type=\"hidden\" name=\"_wpcf7\" value=\"1905\" \/><input type=\"hidden\" name=\"_wpcf7_version\" value=\"6.1.1\" \/><input type=\"hidden\" name=\"_wpcf7_locale\" value=\"nb_NO\" \/><input type=\"hidden\" name=\"_wpcf7_unit_tag\" value=\"wpcf7-f1905-o1\" \/><input type=\"hidden\" name=\"_wpcf7_container_post\" value=\"0\" \/><input type=\"hidden\" name=\"_wpcf7_posted_data_hash\" value=\"\" \/><input type=\"hidden\" name=\"_wpcf7dtx_version\" value=\"5.0.3\" \/>\n<\/fieldset>\n<p><label> Bedriftsnavn*<br \/>\n<span class=\"wpcf7-form-control-wrap\" data-name=\"your-name\"><input size=\"40\" maxlength=\"400\" class=\"wpcf7-form-control wpcf7-text wpcf7-validates-as-required\" aria-required=\"true\" aria-invalid=\"false\" value=\"\" type=\"text\" name=\"your-name\" \/><\/span> <\/label>\n<\/p>\n<p><label> Organisasjonsnummer*<br \/>\n<span class=\"wpcf7-form-control-wrap\" data-name=\"your-orgnumber\"><input class=\"wpcf7-form-control wpcf7-number wpcf7-validates-as-required wpcf7-validates-as-number\" aria-required=\"true\" aria-invalid=\"false\" value=\"\" type=\"number\" name=\"your-orgnumber\" \/><\/span> <\/label>\n<\/p>\n<p><label> Kontaktperson*<br \/>\n<span class=\"wpcf7-form-control-wrap\" data-name=\"your-contactperson\"><input size=\"40\" maxlength=\"400\" class=\"wpcf7-form-control wpcf7-text wpcf7-validates-as-required\" aria-required=\"true\" aria-invalid=\"false\" value=\"\" type=\"text\" name=\"your-contactperson\" \/><\/span> <\/label>\n<\/p>\n<p><label> Telefonnummer kontaktperson*<br \/>\n<span class=\"wpcf7-form-control-wrap\" data-name=\"your-tel\"><input size=\"40\" maxlength=\"400\" class=\"wpcf7-form-control wpcf7-tel wpcf7-validates-as-required wpcf7-text wpcf7-validates-as-tel\" aria-required=\"true\" aria-invalid=\"false\" value=\"\" type=\"tel\" name=\"your-tel\" \/><\/span> <\/label>\n<\/p>\n<p><label> Epost kontaktperson*<br \/>\n<span class=\"wpcf7-form-control-wrap\" data-name=\"your-email\"><input size=\"40\" maxlength=\"400\" class=\"wpcf7-form-control wpcf7-email wpcf7-validates-as-required wpcf7-text wpcf7-validates-as-email\" aria-required=\"true\" aria-invalid=\"false\" value=\"\" type=\"email\" name=\"your-email\" \/><\/span> <\/label>\n<\/p>\n<p><label>Epost fakturamottak*<br \/>\n<\/label>\n<\/p>\n<p style=\"margin-top: -20px;\"><em style=\"font-size:12px;\">vi sender EHF dersom registrert i Elma<\/em>\n<\/p>\n<p><span class=\"wpcf7-form-control-wrap\" data-name=\"your-faktura\"><input size=\"40\" maxlength=\"400\" class=\"wpcf7-form-control wpcf7-email wpcf7-validates-as-required wpcf7-text wpcf7-validates-as-email\" aria-required=\"true\" aria-invalid=\"false\" value=\"\" type=\"email\" name=\"your-faktura\" \/><\/span>\n<\/p>\n<p><label> Postadresse*<br \/>\n<span class=\"wpcf7-form-control-wrap\" data-name=\"your-address\"><input size=\"40\" maxlength=\"400\" class=\"wpcf7-form-control wpcf7-text\" aria-invalid=\"false\" value=\"\" type=\"text\" name=\"your-address\" \/><\/span> <\/label>\n<\/p>\n<p><label>Forretningsadresse (adresslinje, postnummer, by)*<br \/>\n<\/label>\n<\/p>\n<p style=\"margin-top: -20px;\"><em style=\"font-size:12px;\">denne adressen vises p\u00e5 faktura<\/em>\n<\/p>\n<p><span class=\"wpcf7-form-control-wrap\" data-name=\"your-location\"><input size=\"40\" maxlength=\"400\" class=\"wpcf7-form-control wpcf7-text\" aria-invalid=\"false\" value=\"\" type=\"text\" name=\"your-location\" \/><\/span>\n<\/p>\n<p class=\"text-left gdpr-acceptance\"><br \/>\n<span class=\"wpcf7-form-control-wrap\" data-name=\"acceptance-954\"><span class=\"wpcf7-form-control wpcf7-acceptance\"><span class=\"wpcf7-list-item\"><input type=\"checkbox\" name=\"acceptance-954\" value=\"1\" id=\"gdpr-check-2\" aria-invalid=\"false\" \/><\/span><\/span><\/span><label for=\"gdpr-check-2\" style=\"display:inline; margin-left: 20px;\">Ved \u00e5 huke av her godtar du at vi bruker din data i markedsf\u00f8ringstiltak. Vi vil ikke dele din data med tredjeparter uten samtykke. For mer informasjon les v\u00e5r <a href=\"https:\/\/gdpr.gastroplanner.no\/concept\/privacy_policy\" target=\"_BLANK\" title=\"Les v\u00e5r personvernserkl\u00e6ring\">personvernserkl\u00e6ring<\/a>.<\/label>\n<\/p>\n<p><input class=\"wpcf7-form-control wpcf7-submit has-spinner swBtn swPrimary\" type=\"submit\" value=\"Send inn\" \/>\n<\/p><p style=\"display: none !important;\" class=\"akismet-fields-container\" data-prefix=\"_wpcf7_ak_\"><label>&#916;<textarea name=\"_wpcf7_ak_hp_textarea\" cols=\"45\" rows=\"8\" maxlength=\"100\"><\/textarea><\/label><input type=\"hidden\" id=\"ak_js_1\" name=\"_wpcf7_ak_js\" value=\"233\"\/><script>document.getElementById( \"ak_js_1\" ).setAttribute( \"value\", ( new Date() ).getTime() );<\/script><\/p><div class=\"wpcf7-response-output\" aria-hidden=\"true\"><\/div>\n<\/form>\n<\/div>\n<\/div>\n<p>&nbsp;<\/p>\n<div><img decoding=\"async\" class=\"alignnone wp-image-1947 lazyload\" data-src=\"https:\/\/delicatessencatering.no\/wp-content\/uploads\/sites\/8\/2022\/02\/delicatessen-catering-fingermat-300x157.png\" alt=\"fingermat catering delicatessen oslo\" width=\"1200\" height=\"630\" data-srcset=\"https:\/\/delicatessencatering.no\/wp-content\/uploads\/sites\/8\/2022\/02\/delicatessen-catering-fingermat-300x157.png 300w, https:\/\/delicatessencatering.no\/wp-content\/uploads\/sites\/8\/2022\/02\/delicatessen-catering-fingermat-768x403.png 768w, https:\/\/delicatessencatering.no\/wp-content\/uploads\/sites\/8\/2022\/02\/delicatessen-catering-fingermat.png 941w\" data-sizes=\"(max-width: 1200px) 100vw, 1200px\" src=\"data:image\/svg+xml;base64,PHN2ZyB3aWR0aD0iMSIgaGVpZ2h0PSIxIiB4bWxucz0iaHR0cDovL3d3dy53My5vcmcvMjAwMC9zdmciPjwvc3ZnPg==\" style=\"--smush-placeholder-width: 1200px; --smush-placeholder-aspect-ratio: 1200\/630;\" \/><\/div>\n<div><\/div>\n","protected":false},"excerpt":{"rendered":"<p>We are thrilled that more and more people are finally coming back to their offices, and once again can gather for a tasty lunch, an inspiring seminar or a pleasant after work. Treating employees with good food every now and then is not only good for the team work and work ethics \u2013 it also [&hellip;]<\/p>\n","protected":false},"author":1,"featured_media":1940,"parent":0,"menu_order":0,"comment_status":"closed","ping_status":"closed","template":"","meta":{"_acf_changed":false,"footnotes":""},"class_list":["post-1951","page","type-page","status-publish","has-post-thumbnail","hentry"],"acf":[],"yoast_head":"<!-- This site is optimized with the Yoast SEO plugin v26.0 - https:\/\/yoast.com\/wordpress\/plugins\/seo\/ -->\n<title>Company offer - Delicatessen Catering<\/title>\n<meta name=\"description\" content=\"Registrer firmainformasjon hos Delicatessen Catering og motta en rabattkode som gir 10% p\u00e5 mat i hele februar og mars!\" \/>\n<meta name=\"robots\" content=\"index, follow, max-snippet:-1, max-image-preview:large, max-video-preview:-1\" \/>\n<link rel=\"canonical\" href=\"https:\/\/delicatessencatering.no\/en\/company-offer\/\" \/>\n<meta property=\"og:locale\" content=\"en_US\" \/>\n<meta property=\"og:type\" content=\"article\" \/>\n<meta property=\"og:title\" content=\"Company offer - Delicatessen Catering\" \/>\n<meta property=\"og:description\" content=\"Registrer firmainformasjon hos Delicatessen Catering og motta en rabattkode som gir 10% p\u00e5 mat i hele februar og mars!\" \/>\n<meta property=\"og:url\" content=\"https:\/\/delicatessencatering.no\/en\/company-offer\/\" \/>\n<meta property=\"og:site_name\" content=\"Delicatessen Catering\" \/>\n<meta property=\"og:image\" content=\"https:\/\/delicatessencatering.no\/wp-content\/uploads\/sites\/8\/2022\/02\/MENY_Aperitiff_tapas-1-1.jpg\" \/>\n\t<meta property=\"og:image:width\" content=\"2400\" \/>\n\t<meta property=\"og:image:height\" content=\"1600\" \/>\n\t<meta property=\"og:image:type\" content=\"image\/jpeg\" \/>\n<meta name=\"twitter:card\" content=\"summary_large_image\" \/>\n<meta name=\"twitter:label1\" content=\"Est. reading time\" \/>\n\t<meta name=\"twitter:data1\" content=\"2 minutes\" \/>\n<script type=\"application\/ld+json\" class=\"yoast-schema-graph\">{\"@context\":\"https:\/\/schema.org\",\"@graph\":[{\"@type\":\"WebPage\",\"@id\":\"https:\/\/delicatessencatering.no\/en\/company-offer\/\",\"url\":\"https:\/\/delicatessencatering.no\/en\/company-offer\/\",\"name\":\"Company offer - Delicatessen Catering\",\"isPartOf\":{\"@id\":\"https:\/\/delicatessencatering.no\/en\/#website\"},\"primaryImageOfPage\":{\"@id\":\"https:\/\/delicatessencatering.no\/en\/company-offer\/#primaryimage\"},\"image\":{\"@id\":\"https:\/\/delicatessencatering.no\/en\/company-offer\/#primaryimage\"},\"thumbnailUrl\":\"https:\/\/delicatessencatering.no\/wp-content\/uploads\/sites\/8\/2022\/02\/MENY_Aperitiff_tapas-1-1.jpg\",\"datePublished\":\"2022-02-15T09:19:55+00:00\",\"description\":\"Registrer firmainformasjon hos Delicatessen Catering og motta en rabattkode som gir 10% p\u00e5 mat i hele februar og mars!\",\"breadcrumb\":{\"@id\":\"https:\/\/delicatessencatering.no\/en\/company-offer\/#breadcrumb\"},\"inLanguage\":\"en-US\",\"potentialAction\":[{\"@type\":\"ReadAction\",\"target\":[\"https:\/\/delicatessencatering.no\/en\/company-offer\/\"]}]},{\"@type\":\"ImageObject\",\"inLanguage\":\"en-US\",\"@id\":\"https:\/\/delicatessencatering.no\/en\/company-offer\/#primaryimage\",\"url\":\"https:\/\/delicatessencatering.no\/wp-content\/uploads\/sites\/8\/2022\/02\/MENY_Aperitiff_tapas-1-1.jpg\",\"contentUrl\":\"https:\/\/delicatessencatering.no\/wp-content\/uploads\/sites\/8\/2022\/02\/MENY_Aperitiff_tapas-1-1.jpg\",\"width\":2400,\"height\":1600,\"caption\":\"catering tapas snacks delicatessen\"},{\"@type\":\"BreadcrumbList\",\"@id\":\"https:\/\/delicatessencatering.no\/en\/company-offer\/#breadcrumb\",\"itemListElement\":[{\"@type\":\"ListItem\",\"position\":1,\"name\":\"Home\",\"item\":\"https:\/\/delicatessencatering.no\/en\/\"},{\"@type\":\"ListItem\",\"position\":2,\"name\":\"Company offer\"}]},{\"@type\":\"WebSite\",\"@id\":\"https:\/\/delicatessencatering.no\/en\/#website\",\"url\":\"https:\/\/delicatessencatering.no\/en\/\",\"name\":\"Delicatessen Catering\",\"description\":\"Nabolagsrestaurant p\u00e5 Majorstuen\",\"potentialAction\":[{\"@type\":\"SearchAction\",\"target\":{\"@type\":\"EntryPoint\",\"urlTemplate\":\"https:\/\/delicatessencatering.no\/en\/?s={search_term_string}\"},\"query-input\":{\"@type\":\"PropertyValueSpecification\",\"valueRequired\":true,\"valueName\":\"search_term_string\"}}],\"inLanguage\":\"en-US\"}]}<\/script>\n<!-- \/ Yoast SEO plugin. -->","yoast_head_json":{"title":"Company offer - Delicatessen Catering","description":"Registrer firmainformasjon hos Delicatessen Catering og motta en rabattkode som gir 10% p\u00e5 mat i hele februar og mars!","robots":{"index":"index","follow":"follow","max-snippet":"max-snippet:-1","max-image-preview":"max-image-preview:large","max-video-preview":"max-video-preview:-1"},"canonical":"https:\/\/delicatessencatering.no\/en\/company-offer\/","og_locale":"en_US","og_type":"article","og_title":"Company offer - Delicatessen Catering","og_description":"Registrer firmainformasjon hos Delicatessen Catering og motta en rabattkode som gir 10% p\u00e5 mat i hele februar og mars!","og_url":"https:\/\/delicatessencatering.no\/en\/company-offer\/","og_site_name":"Delicatessen Catering","og_image":[{"width":2400,"height":1600,"url":"https:\/\/delicatessencatering.no\/wp-content\/uploads\/sites\/8\/2022\/02\/MENY_Aperitiff_tapas-1-1.jpg","type":"image\/jpeg"}],"twitter_card":"summary_large_image","twitter_misc":{"Est. reading time":"2 minutes"},"schema":{"@context":"https:\/\/schema.org","@graph":[{"@type":"WebPage","@id":"https:\/\/delicatessencatering.no\/en\/company-offer\/","url":"https:\/\/delicatessencatering.no\/en\/company-offer\/","name":"Company offer - Delicatessen Catering","isPartOf":{"@id":"https:\/\/delicatessencatering.no\/en\/#website"},"primaryImageOfPage":{"@id":"https:\/\/delicatessencatering.no\/en\/company-offer\/#primaryimage"},"image":{"@id":"https:\/\/delicatessencatering.no\/en\/company-offer\/#primaryimage"},"thumbnailUrl":"https:\/\/delicatessencatering.no\/wp-content\/uploads\/sites\/8\/2022\/02\/MENY_Aperitiff_tapas-1-1.jpg","datePublished":"2022-02-15T09:19:55+00:00","description":"Registrer firmainformasjon hos Delicatessen Catering og motta en rabattkode som gir 10% p\u00e5 mat i hele februar og mars!","breadcrumb":{"@id":"https:\/\/delicatessencatering.no\/en\/company-offer\/#breadcrumb"},"inLanguage":"en-US","potentialAction":[{"@type":"ReadAction","target":["https:\/\/delicatessencatering.no\/en\/company-offer\/"]}]},{"@type":"ImageObject","inLanguage":"en-US","@id":"https:\/\/delicatessencatering.no\/en\/company-offer\/#primaryimage","url":"https:\/\/delicatessencatering.no\/wp-content\/uploads\/sites\/8\/2022\/02\/MENY_Aperitiff_tapas-1-1.jpg","contentUrl":"https:\/\/delicatessencatering.no\/wp-content\/uploads\/sites\/8\/2022\/02\/MENY_Aperitiff_tapas-1-1.jpg","width":2400,"height":1600,"caption":"catering tapas snacks delicatessen"},{"@type":"BreadcrumbList","@id":"https:\/\/delicatessencatering.no\/en\/company-offer\/#breadcrumb","itemListElement":[{"@type":"ListItem","position":1,"name":"Home","item":"https:\/\/delicatessencatering.no\/en\/"},{"@type":"ListItem","position":2,"name":"Company offer"}]},{"@type":"WebSite","@id":"https:\/\/delicatessencatering.no\/en\/#website","url":"https:\/\/delicatessencatering.no\/en\/","name":"Delicatessen Catering","description":"Nabolagsrestaurant p\u00e5 Majorstuen","potentialAction":[{"@type":"SearchAction","target":{"@type":"EntryPoint","urlTemplate":"https:\/\/delicatessencatering.no\/en\/?s={search_term_string}"},"query-input":{"@type":"PropertyValueSpecification","valueRequired":true,"valueName":"search_term_string"}}],"inLanguage":"en-US"}]}},"_links":{"self":[{"href":"https:\/\/delicatessencatering.no\/en\/wp-json\/wp\/v2\/pages\/1951","targetHints":{"allow":["GET"]}}],"collection":[{"href":"https:\/\/delicatessencatering.no\/en\/wp-json\/wp\/v2\/pages"}],"about":[{"href":"https:\/\/delicatessencatering.no\/en\/wp-json\/wp\/v2\/types\/page"}],"author":[{"embeddable":true,"href":"https:\/\/delicatessencatering.no\/en\/wp-json\/wp\/v2\/users\/1"}],"replies":[{"embeddable":true,"href":"https:\/\/delicatessencatering.no\/en\/wp-json\/wp\/v2\/comments?post=1951"}],"version-history":[{"count":3,"href":"https:\/\/delicatessencatering.no\/en\/wp-json\/wp\/v2\/pages\/1951\/revisions"}],"predecessor-version":[{"id":1958,"href":"https:\/\/delicatessencatering.no\/en\/wp-json\/wp\/v2\/pages\/1951\/revisions\/1958"}],"wp:featuredmedia":[{"embeddable":true,"href":"https:\/\/delicatessencatering.no\/en\/wp-json\/wp\/v2\/media\/1940"}],"wp:attachment":[{"href":"https:\/\/delicatessencatering.no\/en\/wp-json\/wp\/v2\/media?parent=1951"}],"curies":[{"name":"wp","href":"https:\/\/api.w.org\/{rel}","templated":true}]}}