{"id":1547,"date":"2021-05-19T08:45:35","date_gmt":"2021-05-19T06:45:35","guid":{"rendered":"https:\/\/conceptrestaurants.semway.net\/catering\/bryllup\/"},"modified":"2025-02-03T13:27:43","modified_gmt":"2025-02-03T12:27:43","slug":"wedding","status":"publish","type":"page","link":"https:\/\/delicatessencatering.no\/en\/wedding\/","title":{"rendered":"Catering for wedding"},"content":{"rendered":"<p>A wedding is one of the most important days in most people&#8217;s lives. A day where everything should be carefully planned, and an event that deserves good food without unnecessary stress for the bride and groom.<\/p>\n<p>A lot of planning is required before the big day, and what kind of food to put on the wedding menu is an important part of this. Delicatessen Catering deliver both classic and modern tapas dishes for your wedding party. We offer two basic menu options, with a lot of flexibility and adaptations to allergies or other wishes. The dishes are, as always, made with the best ingredients, inspired by our Spanish tapas concept. See menu options below.<\/p>\n<p>A good dialogue about the menu in advance removes worries and stress elements as the big day approaches. We will strive to help you make the day as special as possible, with great food and unique taste experiences. If needed or desired, we can also deliver cutlery, tableware and much more. Just get in touch with us!<\/p>\n<p>&nbsp;<\/p>\n<p><strong>Use the contact form at the bottom of the page for a non-binding catering offer in Oslo and surrounding areas. Complete the form as detailed as possible, press &#8220;send&#8221; \u2013 and we will contact you as soon as possible.<\/strong><\/p>\n<p style=\"text-align: center;\">\n<p>&nbsp;<\/p>\n<img decoding=\"async\" class=\"aligncenter wp-image-2153 size-full lazyload\" data-src=\"https:\/\/delicatessencatering.no\/wp-content\/uploads\/sites\/8\/2025\/02\/Delicatessen-catering-til-bryllup-i-Oslo-tapas.jpg\" alt=\"catering for wedding ceremony in oslo\" width=\"1653\" height=\"2338\" src=\"data:image\/svg+xml;base64,PHN2ZyB3aWR0aD0iMSIgaGVpZ2h0PSIxIiB4bWxucz0iaHR0cDovL3d3dy53My5vcmcvMjAwMC9zdmciPjwvc3ZnPg==\" style=\"--smush-placeholder-width: 1653px; --smush-placeholder-aspect-ratio: 1653\/2338;\" \/>\n<p>&nbsp;<\/p>\n<img decoding=\"async\" class=\"aligncenter wp-image-2155 size-full lazyload\" data-src=\"https:\/\/delicatessencatering.no\/wp-content\/uploads\/sites\/8\/2025\/02\/Delicatessen-catering-til-bryllup-i-Oslo-tapas-2.jpg\" alt=\"catering for weddings oslo\" width=\"1653\" height=\"2338\" src=\"data:image\/svg+xml;base64,PHN2ZyB3aWR0aD0iMSIgaGVpZ2h0PSIxIiB4bWxucz0iaHR0cDovL3d3dy53My5vcmcvMjAwMC9zdmciPjwvc3ZnPg==\" style=\"--smush-placeholder-width: 1653px; --smush-placeholder-aspect-ratio: 1653\/2338;\" \/>\n<p>&nbsp;<\/p>\n<p>&nbsp;<\/p>\n<h2>Send us an inquiry<\/h2>\n\n<div class=\"wpcf7 no-js\" id=\"wpcf7-f1318-o1\" lang=\"nb-NO\" dir=\"ltr\" data-wpcf7-id=\"1318\">\n<div class=\"screen-reader-response\"><p role=\"status\" aria-live=\"polite\" aria-atomic=\"true\"><\/p> <ul><\/ul><\/div>\n<form action=\"\/en\/wp-json\/wp\/v2\/pages\/1547#wpcf7-f1318-o1\" method=\"post\" class=\"wpcf7-form init\" aria-label=\"Kontaktskjema\" novalidate=\"novalidate\" data-status=\"init\">\n<fieldset class=\"hidden-fields-container\"><input type=\"hidden\" name=\"_wpcf7\" value=\"1318\" \/><input type=\"hidden\" name=\"_wpcf7_version\" value=\"6.1.1\" \/><input type=\"hidden\" name=\"_wpcf7_locale\" value=\"nb_NO\" \/><input type=\"hidden\" name=\"_wpcf7_unit_tag\" value=\"wpcf7-f1318-o1\" \/><input type=\"hidden\" name=\"_wpcf7_container_post\" value=\"0\" \/><input type=\"hidden\" name=\"_wpcf7_posted_data_hash\" value=\"\" \/><input type=\"hidden\" name=\"_wpcf7dtx_version\" value=\"5.0.3\" \/>\n<\/fieldset>\n<p><label> Fullt navn (p\u00e5krevd)<br \/>\n<span class=\"wpcf7-form-control-wrap\" data-name=\"your-name\"><input size=\"40\" maxlength=\"400\" class=\"wpcf7-form-control wpcf7-text wpcf7-validates-as-required\" aria-required=\"true\" aria-invalid=\"false\" value=\"\" type=\"text\" name=\"your-name\" \/><\/span> <\/label>\n<\/p>\n<p><label> E-post (p\u00e5krevd)<br \/>\n<span class=\"wpcf7-form-control-wrap\" data-name=\"your-email\"><input size=\"40\" maxlength=\"400\" class=\"wpcf7-form-control wpcf7-email wpcf7-validates-as-required wpcf7-text wpcf7-validates-as-email\" aria-required=\"true\" aria-invalid=\"false\" value=\"\" type=\"email\" name=\"your-email\" \/><\/span> <\/label>\n<\/p>\n<p><label> Telefon (p\u00e5krevd)<br \/>\n<span class=\"wpcf7-form-control-wrap\" data-name=\"your-tel\"><input size=\"40\" maxlength=\"400\" class=\"wpcf7-form-control wpcf7-tel wpcf7-validates-as-required wpcf7-text wpcf7-validates-as-tel\" aria-required=\"true\" aria-invalid=\"false\" value=\"\" type=\"tel\" name=\"your-tel\" \/><\/span> <\/label>\n<\/p>\n<p><label> Dato for bryllup<br \/>\n<span class=\"wpcf7-form-control-wrap\" data-name=\"your-date\"><input class=\"wpcf7-form-control wpcf7-date wpcf7-validates-as-date\" aria-invalid=\"false\" value=\"\" type=\"date\" name=\"your-date\" \/><\/span> <\/label>\n<\/p>\n<p><label> Lokasjon<br \/>\n<span class=\"wpcf7-form-control-wrap\" data-name=\"your-location\"><input size=\"40\" maxlength=\"400\" class=\"wpcf7-form-control wpcf7-text\" aria-invalid=\"false\" value=\"\" type=\"text\" name=\"your-location\" \/><\/span> <\/label>\n<\/p>\n<p><label> Ca. antall gjester<br \/>\n<span class=\"wpcf7-form-control-wrap\" data-name=\"your-numberofguests\"><input class=\"wpcf7-form-control wpcf7-number wpcf7-validates-as-number\" aria-invalid=\"false\" value=\"\" type=\"number\" name=\"your-numberofguests\" \/><\/span> <\/label>\n<\/p>\n<p><label> \u00d8nsket meny<br \/>\n<span class=\"wpcf7-form-control-wrap\" data-name=\"your-menu\"><input size=\"40\" maxlength=\"400\" class=\"wpcf7-form-control wpcf7-text\" aria-invalid=\"false\" value=\"\" type=\"text\" name=\"your-menu\" \/><\/span> <\/label>\n<\/p>\n<p><label> Annen informasjon<br \/>\n<span class=\"wpcf7-form-control-wrap\" data-name=\"your-message\"><textarea cols=\"40\" rows=\"10\" maxlength=\"2000\" class=\"wpcf7-form-control wpcf7-textarea\" aria-invalid=\"false\" name=\"your-message\"><\/textarea><\/span> <\/label>\n<\/p>\n<p class=\"text-left gdpr-acceptance\"><br \/>\n<span class=\"wpcf7-form-control-wrap\" data-name=\"acceptance-954\"><span class=\"wpcf7-form-control wpcf7-acceptance\"><span class=\"wpcf7-list-item\"><input type=\"checkbox\" name=\"acceptance-954\" value=\"1\" id=\"gdpr-check-1\" aria-invalid=\"false\" \/><\/span><\/span><\/span><label for=\"gdpr-check-1\" style=\"display:inline; margin-left: 20px;\">Ved \u00e5 huke av her godtar du at vi bruker din data i markedsf\u00f8ringstiltak. Vi vil ikke dele din data med tredjeparter uten samtykke. For mer informasjon les v\u00e5r <a href=\"https:\/\/gdpr.gastroplanner.no\/concept\/privacy_policy\" target=\"_BLANK\" title=\"Les v\u00e5r personvernserkl\u00e6ring\">personvernserkl\u00e6ring<\/a>.<\/label>\n<\/p>\n<p><input class=\"wpcf7-form-control wpcf7-submit has-spinner swBtn swPrimary\" type=\"submit\" value=\"Send inn henvendelse\" \/>\n<\/p><p style=\"display: none !important;\" class=\"akismet-fields-container\" data-prefix=\"_wpcf7_ak_\"><label>&#916;<textarea name=\"_wpcf7_ak_hp_textarea\" cols=\"45\" rows=\"8\" maxlength=\"100\"><\/textarea><\/label><input type=\"hidden\" id=\"ak_js_1\" name=\"_wpcf7_ak_js\" value=\"123\"\/><script>document.getElementById( \"ak_js_1\" ).setAttribute( \"value\", ( new Date() ).getTime() );<\/script><\/p><div class=\"wpcf7-response-output\" aria-hidden=\"true\"><\/div>\n<\/form>\n<\/div>\n\n","protected":false},"excerpt":{"rendered":"<p>A wedding is one of the most important days in most people&#8217;s lives. A day where everything should be carefully planned, and an event that deserves good food without unnecessary stress for the bride and groom. A lot of planning is required before the big day, and what kind of food to put on the [&hellip;]<\/p>\n","protected":false},"author":1,"featured_media":1448,"parent":0,"menu_order":0,"comment_status":"closed","ping_status":"closed","template":"","meta":{"_acf_changed":false,"footnotes":""},"class_list":["post-1547","page","type-page","status-publish","has-post-thumbnail","hentry"],"acf":[],"yoast_head":"<!-- This site is optimized with the Yoast SEO plugin v26.0 - https:\/\/yoast.com\/wordpress\/plugins\/seo\/ -->\n<title>Catering for wedding | Delicatessen Catering<\/title>\n<meta name=\"description\" content=\"Do you want to enjoy delicious tapas on your wedding? We offer two popular menus with classic dishes and new, exciting taste combinations!\" \/>\n<meta name=\"robots\" content=\"index, follow, max-snippet:-1, max-image-preview:large, max-video-preview:-1\" \/>\n<link rel=\"canonical\" href=\"https:\/\/delicatessencatering.no\/en\/wedding\/\" \/>\n<meta property=\"og:locale\" content=\"en_US\" \/>\n<meta property=\"og:type\" content=\"article\" \/>\n<meta property=\"og:title\" content=\"Catering for wedding | Delicatessen Catering\" \/>\n<meta property=\"og:description\" content=\"Do you want to enjoy delicious tapas on your wedding? We offer two popular menus with classic dishes and new, exciting taste combinations!\" \/>\n<meta property=\"og:url\" content=\"https:\/\/delicatessencatering.no\/en\/wedding\/\" \/>\n<meta property=\"og:site_name\" content=\"Delicatessen Catering\" \/>\n<meta property=\"article:modified_time\" content=\"2025-02-03T12:27:43+00:00\" \/>\n<meta property=\"og:image\" content=\"https:\/\/delicatessencatering.no\/wp-content\/uploads\/sites\/8\/2021\/06\/tapasmeny-delicatessen-catering.jpg\" \/>\n\t<meta property=\"og:image:width\" content=\"1000\" \/>\n\t<meta property=\"og:image:height\" content=\"568\" \/>\n\t<meta property=\"og:image:type\" content=\"image\/jpeg\" \/>\n<meta name=\"twitter:card\" content=\"summary_large_image\" \/>\n<meta name=\"twitter:label1\" content=\"Est. reading time\" \/>\n\t<meta name=\"twitter:data1\" content=\"2 minutes\" \/>\n<script type=\"application\/ld+json\" class=\"yoast-schema-graph\">{\"@context\":\"https:\/\/schema.org\",\"@graph\":[{\"@type\":\"WebPage\",\"@id\":\"https:\/\/delicatessencatering.no\/en\/wedding\/\",\"url\":\"https:\/\/delicatessencatering.no\/en\/wedding\/\",\"name\":\"Catering for wedding | Delicatessen Catering\",\"isPartOf\":{\"@id\":\"https:\/\/delicatessencatering.no\/en\/#website\"},\"primaryImageOfPage\":{\"@id\":\"https:\/\/delicatessencatering.no\/en\/wedding\/#primaryimage\"},\"image\":{\"@id\":\"https:\/\/delicatessencatering.no\/en\/wedding\/#primaryimage\"},\"thumbnailUrl\":\"https:\/\/delicatessencatering.no\/wp-content\/uploads\/sites\/8\/2021\/06\/tapasmeny-delicatessen-catering.jpg\",\"datePublished\":\"2021-05-19T06:45:35+00:00\",\"dateModified\":\"2025-02-03T12:27:43+00:00\",\"description\":\"Do you want to enjoy delicious tapas on your wedding? We offer two popular menus with classic dishes and new, exciting taste combinations!\",\"breadcrumb\":{\"@id\":\"https:\/\/delicatessencatering.no\/en\/wedding\/#breadcrumb\"},\"inLanguage\":\"en-US\",\"potentialAction\":[{\"@type\":\"ReadAction\",\"target\":[\"https:\/\/delicatessencatering.no\/en\/wedding\/\"]}]},{\"@type\":\"ImageObject\",\"inLanguage\":\"en-US\",\"@id\":\"https:\/\/delicatessencatering.no\/en\/wedding\/#primaryimage\",\"url\":\"https:\/\/delicatessencatering.no\/wp-content\/uploads\/sites\/8\/2021\/06\/tapasmeny-delicatessen-catering.jpg\",\"contentUrl\":\"https:\/\/delicatessencatering.no\/wp-content\/uploads\/sites\/8\/2021\/06\/tapasmeny-delicatessen-catering.jpg\",\"width\":1000,\"height\":568,\"caption\":\"catering selskap tapas delicatessen\"},{\"@type\":\"BreadcrumbList\",\"@id\":\"https:\/\/delicatessencatering.no\/en\/wedding\/#breadcrumb\",\"itemListElement\":[{\"@type\":\"ListItem\",\"position\":1,\"name\":\"Home\",\"item\":\"https:\/\/delicatessencatering.no\/en\/\"},{\"@type\":\"ListItem\",\"position\":2,\"name\":\"Catering for wedding\"}]},{\"@type\":\"WebSite\",\"@id\":\"https:\/\/delicatessencatering.no\/en\/#website\",\"url\":\"https:\/\/delicatessencatering.no\/en\/\",\"name\":\"Delicatessen Catering\",\"description\":\"Nabolagsrestaurant p\u00e5 Majorstuen\",\"potentialAction\":[{\"@type\":\"SearchAction\",\"target\":{\"@type\":\"EntryPoint\",\"urlTemplate\":\"https:\/\/delicatessencatering.no\/en\/?s={search_term_string}\"},\"query-input\":{\"@type\":\"PropertyValueSpecification\",\"valueRequired\":true,\"valueName\":\"search_term_string\"}}],\"inLanguage\":\"en-US\"}]}<\/script>\n<!-- \/ Yoast SEO plugin. -->","yoast_head_json":{"title":"Catering for wedding | Delicatessen Catering","description":"Do you want to enjoy delicious tapas on your wedding? We offer two popular menus with classic dishes and new, exciting taste combinations!","robots":{"index":"index","follow":"follow","max-snippet":"max-snippet:-1","max-image-preview":"max-image-preview:large","max-video-preview":"max-video-preview:-1"},"canonical":"https:\/\/delicatessencatering.no\/en\/wedding\/","og_locale":"en_US","og_type":"article","og_title":"Catering for wedding | Delicatessen Catering","og_description":"Do you want to enjoy delicious tapas on your wedding? We offer two popular menus with classic dishes and new, exciting taste combinations!","og_url":"https:\/\/delicatessencatering.no\/en\/wedding\/","og_site_name":"Delicatessen Catering","article_modified_time":"2025-02-03T12:27:43+00:00","og_image":[{"width":1000,"height":568,"url":"https:\/\/delicatessencatering.no\/wp-content\/uploads\/sites\/8\/2021\/06\/tapasmeny-delicatessen-catering.jpg","type":"image\/jpeg"}],"twitter_card":"summary_large_image","twitter_misc":{"Est. reading time":"2 minutes"},"schema":{"@context":"https:\/\/schema.org","@graph":[{"@type":"WebPage","@id":"https:\/\/delicatessencatering.no\/en\/wedding\/","url":"https:\/\/delicatessencatering.no\/en\/wedding\/","name":"Catering for wedding | Delicatessen Catering","isPartOf":{"@id":"https:\/\/delicatessencatering.no\/en\/#website"},"primaryImageOfPage":{"@id":"https:\/\/delicatessencatering.no\/en\/wedding\/#primaryimage"},"image":{"@id":"https:\/\/delicatessencatering.no\/en\/wedding\/#primaryimage"},"thumbnailUrl":"https:\/\/delicatessencatering.no\/wp-content\/uploads\/sites\/8\/2021\/06\/tapasmeny-delicatessen-catering.jpg","datePublished":"2021-05-19T06:45:35+00:00","dateModified":"2025-02-03T12:27:43+00:00","description":"Do you want to enjoy delicious tapas on your wedding? We offer two popular menus with classic dishes and new, exciting taste combinations!","breadcrumb":{"@id":"https:\/\/delicatessencatering.no\/en\/wedding\/#breadcrumb"},"inLanguage":"en-US","potentialAction":[{"@type":"ReadAction","target":["https:\/\/delicatessencatering.no\/en\/wedding\/"]}]},{"@type":"ImageObject","inLanguage":"en-US","@id":"https:\/\/delicatessencatering.no\/en\/wedding\/#primaryimage","url":"https:\/\/delicatessencatering.no\/wp-content\/uploads\/sites\/8\/2021\/06\/tapasmeny-delicatessen-catering.jpg","contentUrl":"https:\/\/delicatessencatering.no\/wp-content\/uploads\/sites\/8\/2021\/06\/tapasmeny-delicatessen-catering.jpg","width":1000,"height":568,"caption":"catering selskap tapas delicatessen"},{"@type":"BreadcrumbList","@id":"https:\/\/delicatessencatering.no\/en\/wedding\/#breadcrumb","itemListElement":[{"@type":"ListItem","position":1,"name":"Home","item":"https:\/\/delicatessencatering.no\/en\/"},{"@type":"ListItem","position":2,"name":"Catering for wedding"}]},{"@type":"WebSite","@id":"https:\/\/delicatessencatering.no\/en\/#website","url":"https:\/\/delicatessencatering.no\/en\/","name":"Delicatessen Catering","description":"Nabolagsrestaurant p\u00e5 Majorstuen","potentialAction":[{"@type":"SearchAction","target":{"@type":"EntryPoint","urlTemplate":"https:\/\/delicatessencatering.no\/en\/?s={search_term_string}"},"query-input":{"@type":"PropertyValueSpecification","valueRequired":true,"valueName":"search_term_string"}}],"inLanguage":"en-US"}]}},"_links":{"self":[{"href":"https:\/\/delicatessencatering.no\/en\/wp-json\/wp\/v2\/pages\/1547","targetHints":{"allow":["GET"]}}],"collection":[{"href":"https:\/\/delicatessencatering.no\/en\/wp-json\/wp\/v2\/pages"}],"about":[{"href":"https:\/\/delicatessencatering.no\/en\/wp-json\/wp\/v2\/types\/page"}],"author":[{"embeddable":true,"href":"https:\/\/delicatessencatering.no\/en\/wp-json\/wp\/v2\/users\/1"}],"replies":[{"embeddable":true,"href":"https:\/\/delicatessencatering.no\/en\/wp-json\/wp\/v2\/comments?post=1547"}],"version-history":[{"count":16,"href":"https:\/\/delicatessencatering.no\/en\/wp-json\/wp\/v2\/pages\/1547\/revisions"}],"predecessor-version":[{"id":2353,"href":"https:\/\/delicatessencatering.no\/en\/wp-json\/wp\/v2\/pages\/1547\/revisions\/2353"}],"wp:featuredmedia":[{"embeddable":true,"href":"https:\/\/delicatessencatering.no\/en\/wp-json\/wp\/v2\/media\/1448"}],"wp:attachment":[{"href":"https:\/\/delicatessencatering.no\/en\/wp-json\/wp\/v2\/media?parent=1547"}],"curies":[{"name":"wp","href":"https:\/\/api.w.org\/{rel}","templated":true}]}}